{"id":66,"date":"2022-07-27T15:11:08","date_gmt":"2022-07-27T15:11:08","guid":{"rendered":"https:\/\/avadawebsites.wpengine.com\/corporation\/?page_id=66"},"modified":"2025-08-18T12:47:43","modified_gmt":"2025-08-18T12:47:43","slug":"calidad","status":"publish","type":"page","link":"https:\/\/www.futurbath.com\/index.php\/calidad\/","title":{"rendered":"Pol\u00edtica medioambiental y calidad"},"content":{"rendered":"<div class=\"fusion-fullwidth fullwidth-box fusion-builder-row-1 fusion-flex-container has-pattern-background has-mask-background nonhundred-percent-fullwidth non-hundred-percent-height-scrolling\" style=\"--awb-border-radius-top-left:0px;--awb-border-radius-top-right:0px;--awb-border-radius-bottom-right:0px;--awb-border-radius-bottom-left:0px;--awb-flex-wrap:wrap;\" ><div class=\"fusion-builder-row fusion-row fusion-flex-align-items-flex-start fusion-flex-content-wrap\" style=\"max-width:104%;margin-left: calc(-4% \/ 2 );margin-right: calc(-4% \/ 2 );\"><div class=\"fusion-layout-column fusion_builder_column fusion-builder-column-0 fusion_builder_column_1_1 1_1 fusion-flex-column\" style=\"--awb-bg-size:cover;--awb-width-large:100%;--awb-margin-top-large:0px;--awb-spacing-right-large:1.92%;--awb-margin-bottom-large:20px;--awb-spacing-left-large:1.92%;--awb-width-medium:100%;--awb-order-medium:0;--awb-spacing-right-medium:1.92%;--awb-spacing-left-medium:1.92%;--awb-width-small:100%;--awb-order-small:0;--awb-spacing-right-small:1.92%;--awb-spacing-left-small:1.92%;\"><div class=\"fusion-column-wrapper fusion-column-has-shadow fusion-flex-justify-content-flex-start fusion-content-layout-column\"><div class=\"fusion-text fusion-text-1\"><p>La pol\u00edtica empresarial de FUTURBA\u00d1O, S.L. est\u00e1 basada en una continua mejora de su capacidad para satisfacer <span style=\"background-color: rgba(0, 0, 0, 0);\">las necesidades que el cambiante y competitivo mercado demanda en la actualidad, as\u00ed como prevenir y reducir <\/span><span style=\"background-color: rgba(0, 0, 0, 0);\">el impacto ambiental negativo que pueda producirse por nuestras actividades.<\/span><\/p>\n<p>FUTURBA\u00d1O, S.L., centra todos sus esfuerzos en optimizar todos sus recursos con el objetivo de principal de <span style=\"background-color: rgba(0, 0, 0, 0);\">satisfacer las necesidades de las partes interesadas y una completa protecci\u00f3n al medio ambiente, para ello ha <\/span><span style=\"background-color: rgba(0, 0, 0, 0);\">implantado y desarrollado un sistema integrado de gesti\u00f3nde calidad y ambiental, basado en el siguiente alcance:<\/span><\/p>\n<p>\u201cFabricaci\u00f3n Venta y distribuci\u00f3n de mobiliario de cuartos de ba\u00f1o\u201d <span style=\"background-color: rgba(0, 0, 0, 0);\">Para lograr este objetivo, FUTURBA\u00d1O, S.L.., tiene por l\u00edneas estrat\u00e9gicas b\u00e1sicas las siguientes:<\/span><\/p>\n<p>&#8211; Implantar y mejorar continuamente el Sistema de Calidad adquiriendo el compromiso de cumplir los <span style=\"background-color: rgba(0, 0, 0, 0);\">requisitos de las Normas UNE-EN-ISO 9001:2015, base del Sistema.<\/span><\/p>\n<p>&#8211; Implantar y mejorar continuamente el Sistema de Gesti\u00f3n ambiental as\u00ed como nuestro desempe\u00f1o <span style=\"background-color: rgba(0, 0, 0, 0);\">ambiental, adquiriendo el compromiso de cumplir los requisitos incluidos en la Norma UNE-EN-ISO<\/span><span style=\"background-color: rgba(0, 0, 0, 0);\">14001:2015, bases del Sistema<\/span><\/p>\n<p>&#8211; Compromiso de toda la Organizaci\u00f3n con el cumplimiento de la legislaci\u00f3n y reglamentaci\u00f3n aplicable en <span style=\"background-color: rgba(0, 0, 0, 0);\">los distintos procesos de nuestros trabajos. Teniendo en cuenta la tendencia legislativa y otros requisitos <\/span><span style=\"background-color: rgba(0, 0, 0, 0);\">que la Organizaci\u00f3n establezca.<\/span><\/p>\n<p>&#8211; Mejorar nuestra capacidad y medios t\u00e9cnicos y tecnol\u00f3gicos para asegurar al m\u00e1ximo la protecci\u00f3n del <span style=\"background-color: rgba(0, 0, 0, 0);\">medioambiente incluida la prevenci\u00f3n de la contaminaci\u00f3n y cualquier otro compromiso ambiental pertinente <\/span><span style=\"background-color: rgba(0, 0, 0, 0);\">con respecto al contexto de la organizaci\u00f3n<\/span><\/p>\n<p>&#8211; Promover y dar una formaci\u00f3n continua a todos los niveles, especialmente al Personal implicado en las tareas <span style=\"background-color: rgba(0, 0, 0, 0);\">de la calidad y gesti\u00f3n ambiental, proporcionando conocimientos en nuevas t\u00e9cnicas y herramientas, de <\/span><span style=\"background-color: rgba(0, 0, 0, 0);\">manera que se conozca la importancia de sus actuaciones en el logro de los objetivos propuestos.<\/span><\/p>\n<p>&#8211; Compromiso de la Organizaci\u00f3n encaminado hacia una mejora continua cuyo objetivo es acrecentar <span style=\"background-color: rgba(0, 0, 0, 0);\">progresivamente nuestro buen comportamiento, mediante el compromiso del establecimiento de objetivos <\/span><span style=\"background-color: rgba(0, 0, 0, 0);\">y metas revisados anualmente por la Direcci\u00f3n.<\/span><\/p>\n<p>&#8211; Mantener buenas relaciones de colaboraci\u00f3n con Administraciones, organizaciones no gubernamentales y <span style=\"background-color: rgba(0, 0, 0, 0);\">entidades p\u00fablicas y privadas.<\/span><\/p>\n<p>&#8211; Informar a los proveedores y subcontratistas de los requisitos de calidad inherentes a sus productos o <span style=\"background-color: rgba(0, 0, 0, 0);\">servicios, estableciendo medios para asegurar su cumplimento.<\/span><\/p>\n<p>&#8211; Conocer y evaluar de manera consecuente los aspectos ambientales inherentes a las actividades <span style=\"background-color: rgba(0, 0, 0, 0);\">desarrolladas por FUTURBA\u00d1O, S.L., con el fin de conocer su naturaleza, magnitud e incidencia.<\/span><\/p>\n<p>En Madrid a 04 de Agosto de 2025<\/p>\n<\/div><\/div><\/div><\/div><\/div>\n","protected":false},"excerpt":{"rendered":"","protected":false},"author":1,"featured_media":480,"parent":0,"menu_order":0,"comment_status":"closed","ping_status":"closed","template":"100-width.php","meta":{"footnotes":""},"class_list":["post-66","page","type-page","status-publish","has-post-thumbnail","hentry"],"_links":{"self":[{"href":"https:\/\/www.futurbath.com\/index.php\/wp-json\/wp\/v2\/pages\/66","targetHints":{"allow":["GET"]}}],"collection":[{"href":"https:\/\/www.futurbath.com\/index.php\/wp-json\/wp\/v2\/pages"}],"about":[{"href":"https:\/\/www.futurbath.com\/index.php\/wp-json\/wp\/v2\/types\/page"}],"author":[{"embeddable":true,"href":"https:\/\/www.futurbath.com\/index.php\/wp-json\/wp\/v2\/users\/1"}],"replies":[{"embeddable":true,"href":"https:\/\/www.futurbath.com\/index.php\/wp-json\/wp\/v2\/comments?post=66"}],"version-history":[{"count":5,"href":"https:\/\/www.futurbath.com\/index.php\/wp-json\/wp\/v2\/pages\/66\/revisions"}],"predecessor-version":[{"id":3283,"href":"https:\/\/www.futurbath.com\/index.php\/wp-json\/wp\/v2\/pages\/66\/revisions\/3283"}],"wp:featuredmedia":[{"embeddable":true,"href":"https:\/\/www.futurbath.com\/index.php\/wp-json\/wp\/v2\/media\/480"}],"wp:attachment":[{"href":"https:\/\/www.futurbath.com\/index.php\/wp-json\/wp\/v2\/media?parent=66"}],"curies":[{"name":"wp","href":"https:\/\/api.w.org\/{rel}","templated":true}]}}